{"id":2352,"date":"2022-12-22T12:03:15","date_gmt":"2022-12-22T12:03:15","guid":{"rendered":"http:\/\/digitalbuildingdesign.com\/politica-de-privacidad-y-aviso-legal\/"},"modified":"2023-03-06T12:42:14","modified_gmt":"2023-03-06T12:42:14","slug":"politica-de-privacidad-y-aviso-legal","status":"publish","type":"page","link":"https:\/\/digitalbuildingdesign.com\/ca\/politica-de-privacidad-y-aviso-legal\/","title":{"rendered":"Pol\u00edtica de Privacitat i Av\u00eds Legal"},"content":{"rendered":"\t\t<div data-elementor-type=\"wp-page\" data-elementor-id=\"2352\" class=\"elementor elementor-2352 elementor-1901\" data-elementor-post-type=\"page\">\n\t\t\t\t\t\t<section class=\"elementor-section elementor-top-section elementor-element elementor-element-9acdafe elementor-section-full_width elementor-section-height-default elementor-section-height-default\" data-id=\"9acdafe\" data-element_type=\"section\" data-settings=\"{&quot;background_background&quot;:&quot;classic&quot;}\">\n\t\t\t\t\t\t<div class=\"elementor-container elementor-column-gap-default\">\n\t\t\t\t\t<div class=\"elementor-column elementor-col-100 elementor-top-column elementor-element elementor-element-35074c1\" data-id=\"35074c1\" data-element_type=\"column\">\n\t\t\t<div class=\"elementor-widget-wrap elementor-element-populated\">\n\t\t\t\t\t\t<div class=\"elementor-element elementor-element-51053ac elementor-widget elementor-widget-spacer\" data-id=\"51053ac\" data-element_type=\"widget\" data-widget_type=\"spacer.default\">\n\t\t\t\t<div class=\"elementor-widget-container\">\n\t\t\t\t\t\t\t<div class=\"elementor-spacer\">\n\t\t\t<div class=\"elementor-spacer-inner\"><\/div>\n\t\t<\/div>\n\t\t\t\t\t\t<\/div>\n\t\t\t\t<\/div>\n\t\t\t\t\t<\/div>\n\t\t<\/div>\n\t\t\t\t\t<\/div>\n\t\t<\/section>\n\t\t\t\t<section class=\"elementor-section elementor-top-section elementor-element elementor-element-2cb43a60 elementor-section-boxed elementor-section-height-default elementor-section-height-default\" data-id=\"2cb43a60\" data-element_type=\"section\">\n\t\t\t\t\t\t<div class=\"elementor-container elementor-column-gap-default\">\n\t\t\t\t\t<div class=\"elementor-column elementor-col-100 elementor-top-column elementor-element elementor-element-359743c1\" data-id=\"359743c1\" data-element_type=\"column\">\n\t\t\t<div class=\"elementor-widget-wrap elementor-element-populated\">\n\t\t\t\t\t\t<div class=\"elementor-element elementor-element-10169951 elementor-widget elementor-widget-text-editor\" data-id=\"10169951\" data-element_type=\"widget\" data-widget_type=\"text-editor.default\">\n\t\t\t\t<div class=\"elementor-widget-container\">\n\t\t\t\t\t\t\t\t\t<h2>LES SEVES DADES ASSEGURANCES<\/h2><p>Informaci\u00f3 en compliment de la normativa de protecci\u00f3 de dades personals<\/p><p>A Europa ia Espanya hi ha normes de protecci\u00f3 de dades pensades per protegir la seva informaci\u00f3 personal de compliment obligat per a la nostra entitat.<\/p><p>Per aix\u00f2, \u00e9s molt important per a nosaltres que entengui perfectament qu\u00e8 farem amb les dades personals que us demanem.<\/p><p>Aix\u00ed, serem transparents i us donarem el control de les vostres dades, amb un llenguatge senzill i opcions clares que us permetran decidir qu\u00e8 farem amb la vostra informaci\u00f3 personal.<\/p><p>Si us plau, si un cop llegida aquesta informaci\u00f3 us queda algun dubte, no dubteu a preguntar-nos.<\/p><p>Moltes gr\u00e0cies per la vostra col\u00b7laboraci\u00f3.<\/p><h2>Qui som?<\/h2><p>La nostra denominaci\u00f3: PRODES GESTI\u00d3 D&#8217;OBRES, S.L.P.<br \/>El nostre CIF \/ NIF: B25818592<br \/>La nostra activitat principal: ENGINYERIA I PROJECT MANAGEMENT<br \/>La nostra adre\u00e7a: PCiTal-Parc Gardeny , despatx 12, 25003-Lleida<br \/>El nostre tel\u00e8fon de contacte: 618944301<br \/>La nostra adre\u00e7a de correu electr\u00f2nic de contacte: joandelsol@prodes.info<br \/>La nostra p\u00e0gina web: www.prodes.info<br \/>Per a la vostra confian\u00e7a i seguretat, us informem que som una entitat inscrita en el Registre Mercantil.<\/p><p>Estem a la vostra disposici\u00f3, no dubteu a contactar amb nosaltres.<\/p><h2>Per qu\u00e8 utilitzarem les vostres dades?<\/h2><p>Amb car\u00e0cter general, les seves dades personals seran utilitzades per poder relacionar-nos amb vost\u00e8 i poder prestar-li els nostres serveis.<\/p><p>Aix\u00ed mateix, tamb\u00e9 poden ser usats per a altres activitats, com enviar publicitat o promocionar les nostres activitats.<\/p><h2>Per qu\u00e8 necessitem fer servir les seves dades?<\/h2><p>Les vostres dades personals s\u00f3n necess\u00e0ries per poder relacionar-nos amb vost\u00e8 i poder prestar-li els nostres serveis. En aquest sentit, posarem a la vostra disposici\u00f3 una s\u00e8rie de caselles que us permetran decidir de manera clara i senzilla sobre l&#8217;\u00fas de la vostra informaci\u00f3 personal.<\/p><h2>Qui coneixer\u00e0 la informaci\u00f3 que us demanem?<\/h2><p>Amb car\u00e0cter general, nom\u00e9s el personal de la nostra entitat que estigui degudament autoritzat podr\u00e0 tenir coneixement de la informaci\u00f3 que us demanem.<\/p><p>De la mateixa manera, podran tenir coneixement de la seva informaci\u00f3 personal aquelles entitats que necessitin tenir-hi acc\u00e9s perqu\u00e8 puguem prestar-li els nostres serveis. Aix\u00ed, per exemple, el nostre banc coneixer\u00e0 les vostres dades si el pagament dels nostres serveis es realitza mitjan\u00e7ant targeta o transfer\u00e8ncia banc\u00e0ria.<\/p><p>Aix\u00ed mateix, tindran coneixement de la seva informaci\u00f3 aquelles entitats p\u00fabliques o privades a les quals estiguem obligats a facilitar les dades personals amb motiu del compliment d&#8217;alguna llei. Posant-ne un exemple, la Llei Tribut\u00e0ria obliga a facilitar a l&#8217;Ag\u00e8ncia Tribut\u00e0ria determinada informaci\u00f3 sobre operacions econ\u00f2miques que superin una quantitat determinada.<\/p><p>En el cas que, al marge dels sup\u00f2sits comentats, necessitem donar a con\u00e8ixer la vostra informaci\u00f3 personal a altres entitats, us sol\u00b7licitarem pr\u00e8viament el vostre perm\u00eds a trav\u00e9s d&#8217;opcions clares que us permetran decidir sobre aix\u00f2.<\/p><h2>Com protegirem les vostres dades?<\/h2><p>Protegirem les vostres dades amb mesures de seguretat eficaces en funci\u00f3 dels riscos que comporti l&#8217;\u00fas de la vostra informaci\u00f3.<\/p><p>Per aix\u00f2, la nostra entitat ha aprovat una Pol\u00edtica de Protecci\u00f3 de Dades i es realitzen controls i auditories anuals per verificar que les seves dades personals estan segures en tot moment.<\/p><h2>Enviarem les vostres dades a altres pa\u00efsos?<\/h2><p>Al m\u00f3n hi ha pa\u00efsos que s\u00f3n segurs per a les seves dades i d&#8217;altres que no ho s\u00f3n tant. Aix\u00ed, per exemple, la Uni\u00f3 Europea \u00e9s un entorn segur per a les vostres dades. La nostra pol\u00edtica \u00e9s no enviar la vostra informaci\u00f3 personal a cap pa\u00eds que no sigui segur des del punt de vista de la protecci\u00f3 de les vostres dades.<\/p><p>En cas que, amb motiu de prestar-vos el servei, sigui imprescindible enviar les vostres dades a un pa\u00eds que no sigui tan segur com Espanya, sempre us sol\u00b7licitarem pr\u00e8viament el vostre perm\u00eds i aplicarem mesures de seguretat eficaces que redueixin els riscos de l&#8217;enviament de la vostra informaci\u00f3 personal a un altre pa\u00eds.<\/p><h2>Durant quant de temps conservarem les vostres dades?<\/h2><p>Conservarem les vostres dades durant la nostra relaci\u00f3 i mentre ens obliguin les lleis. Un cop finalitzats els terminis legals aplicables, procedirem a eliminar-los de manera segura i respectuosa amb el medi ambient.<\/p><p>Quins s\u00f3n els vostres drets de protecci\u00f3 de dades?<br \/>En qualsevol moment us podeu adre\u00e7ar a nosaltres per saber quina informaci\u00f3 tenim sobre v\u00f3s, rectificar-la si fos incorrecta i eliminar-la un cop finalitzada la nostra relaci\u00f3, en el cas que aix\u00f2 sigui legalment possible.<\/p><p>Tamb\u00e9 teniu dret a sol\u00b7licitar el trasp\u00e0s de la vostra informaci\u00f3 a una altra entitat. Aquest dret s&#8217;anomena portabilitat i pot ser \u00fatil en determinades situacions.<\/p><p>Per sol\u00b7licitar algun d&#8217;aquests drets, heu de fer una sol\u00b7licitud escrita a la nostra adre\u00e7a, juntament amb una fotoc\u00f2pia del vostre DNI, per poder-lo identificar.<\/p><p>A les oficines de la nostra entitat disposem de formularis espec\u00edfics per sol\u00b7licitar aquests drets i us oferim la nostra ajuda per emplenar-la.<\/p><p>Per saber m\u00e9s sobre els vostres drets de protecci\u00f3 de dades, podeu consultar la p\u00e0gina web de l&#8217;Autoritat Catalana de Protecci\u00f3 de Dades (www.apdcat.cat).<\/p><h2>Podeu retirar el vostre consentiment si canvieu d&#8217;opini\u00f3 en un moment posterior?<\/h2><p>Vost\u00e8 pot retirar el seu consentiment si canvia dopini\u00f3 sobre l\u00fas de les seves dades en qualsevol moment.<\/p><p>Aix\u00ed per exemple, si vost\u00e8 al seu dia va estar interessat\/da a rebre publicitat dels nostres productes o serveis, per\u00f2 ja no desitja rebre m\u00e9s publicitat, ens ho pot fer constar a trav\u00e9s del formulari d&#8217;oposici\u00f3 al tractament disponible a les oficines de la nostra entitat.<\/p><h2>En cas que entengueu que els vostres drets han estat desatesos, on podeu formular una reclamaci\u00f3?<\/h2><p>En cas que entengueu que els vostres drets han estat desatesos per la nostra entitat, podeu formular una reclamaci\u00f3 a l&#8217;Autoritat Catalana de Protecci\u00f3 de Dades, a trav\u00e9s d&#8217;algun dels mitjans seg\u00fcents:<\/p><p>Seu electr\u00f2nica: www.apdcat.cat<br \/>Adre\u00e7a postal: Autoritat Catalana de Protecci\u00f3 de Dades, C\/ Rossell\u00f3, 214, Esc. A, 1r 1a, 08008-Barcelona<br \/>Via telef\u00f2nica: Telf. \u200b\u200b93 552 78 00<br \/>Formular una reclamaci\u00f3 a l&#8217;Autoritat Catalana de Protecci\u00f3 de Dades no comporta cap cost i no cal l&#8217;assist\u00e8ncia d&#8217;advocat ni procurador.<\/p><h2>Elaborarem perfils sobre vost\u00e8?<\/h2><p>La nostra pol\u00edtica \u00e9s no fer perfils sobre els usuaris dels nostres serveis.<\/p><p>No obstant aix\u00f2, poden existir situacions en qu\u00e8, amb finalitats de prestaci\u00f3 del servei, comercials o d&#8217;un altre tipus, necessitem elaborar perfils d&#8217;informaci\u00f3 sobre vosaltres. Un exemple podria ser la utilitzaci\u00f3 del seu historial de compres o serveis per poder oferir productes o serveis adaptats als seus gustos o necessitats.<\/p><p>En aquest cas, aplicarem mesures de seguretat eficaces que protegeixin la seva informaci\u00f3 en tot moment de persones no autoritzades que pretenguin utilitzar-la en benefici propi.<\/p><h2>Farem servir les vostres dades per a altres fins?<\/h2><p>La nostra pol\u00edtica \u00e9s no utilitzar les vostres dades per a altres finalitats diferents de les que us hem explicat. Si, no obstant, necessit\u00e9ssim utilitzar les seves dades per a activitats diferents, sempre us sol\u00b7licitarem pr\u00e8viament el vostre perm\u00eds a trav\u00e9s d&#8217;opcions clares que us permetran decidir sobre aix\u00f2.<\/p>\t\t\t\t\t\t\t\t<\/div>\n\t\t\t\t<\/div>\n\t\t\t\t\t<\/div>\n\t\t<\/div>\n\t\t\t\t\t<\/div>\n\t\t<\/section>\n\t\t\t\t<\/div>\n\t\t","protected":false},"excerpt":{"rendered":"<p>LES SEVES DADES ASSEGURANCES Informaci\u00f3 en compliment de la normativa de protecci\u00f3 de dades personals A Europa ia Espanya hi ha normes de protecci\u00f3 de dades pensades per protegir la seva informaci\u00f3 personal de compliment obligat per a la nostra entitat. Per aix\u00f2, \u00e9s molt important per a nosaltres que entengui perfectament qu\u00e8 farem amb [&hellip;]<\/p>\n","protected":false},"author":1,"featured_media":0,"parent":0,"menu_order":0,"comment_status":"closed","ping_status":"closed","template":"","meta":{"_acf_changed":false,"_monsterinsights_skip_tracking":false,"_monsterinsights_sitenote_active":false,"_monsterinsights_sitenote_note":"","_monsterinsights_sitenote_category":0,"site-sidebar-layout":"default","site-content-layout":"","ast-site-content-layout":"","site-content-style":"default","site-sidebar-style":"default","ast-global-header-display":"","ast-banner-title-visibility":"","ast-main-header-display":"","ast-hfb-above-header-display":"","ast-hfb-below-header-display":"","ast-hfb-mobile-header-display":"","site-post-title":"","ast-breadcrumbs-content":"","ast-featured-img":"","footer-sml-layout":"","theme-transparent-header-meta":"","adv-header-id-meta":"","stick-header-meta":"","header-above-stick-meta":"","header-main-stick-meta":"","header-below-stick-meta":"","astra-migrate-meta-layouts":"default","ast-page-background-enabled":"default","ast-page-background-meta":{"desktop":{"background-color":"var(--ast-global-color-4)","background-image":"","background-repeat":"repeat","background-position":"center center","background-size":"auto","background-attachment":"scroll","background-type":"","background-media":"","overlay-type":"","overlay-color":"","overlay-opacity":"","overlay-gradient":""},"tablet":{"background-color":"","background-image":"","background-repeat":"repeat","background-position":"center center","background-size":"auto","background-attachment":"scroll","background-type":"","background-media":"","overlay-type":"","overlay-color":"","overlay-opacity":"","overlay-gradient":""},"mobile":{"background-color":"","background-image":"","background-repeat":"repeat","background-position":"center center","background-size":"auto","background-attachment":"scroll","background-type":"","background-media":"","overlay-type":"","overlay-color":"","overlay-opacity":"","overlay-gradient":""}},"ast-content-background-meta":{"desktop":{"background-color":"var(--ast-global-color-5)","background-image":"","background-repeat":"repeat","background-position":"center center","background-size":"auto","background-attachment":"scroll","background-type":"","background-media":"","overlay-type":"","overlay-color":"","overlay-opacity":"","overlay-gradient":""},"tablet":{"background-color":"var(--ast-global-color-5)","background-image":"","background-repeat":"repeat","background-position":"center center","background-size":"auto","background-attachment":"scroll","background-type":"","background-media":"","overlay-type":"","overlay-color":"","overlay-opacity":"","overlay-gradient":""},"mobile":{"background-color":"var(--ast-global-color-5)","background-image":"","background-repeat":"repeat","background-position":"center center","background-size":"auto","background-attachment":"scroll","background-type":"","background-media":"","overlay-type":"","overlay-color":"","overlay-opacity":"","overlay-gradient":""}},"footnotes":""},"class_list":["post-2352","page","type-page","status-publish","hentry"],"acf":[],"yoast_head":"<!-- This site is optimized with the Yoast SEO plugin v24.7 - https:\/\/yoast.com\/wordpress\/plugins\/seo\/ -->\n<title>Pol\u00edtica de Privacitat i Av\u00eds Legal - Digital Building Design<\/title>\n<meta name=\"robots\" content=\"index, follow, max-snippet:-1, max-image-preview:large, max-video-preview:-1\" \/>\n<link rel=\"canonical\" href=\"https:\/\/digitalbuildingdesign.com\/ca\/politica-de-privacidad-y-aviso-legal\/\" \/>\n<meta property=\"og:locale\" content=\"ca_ES\" \/>\n<meta property=\"og:type\" content=\"article\" \/>\n<meta property=\"og:title\" content=\"Pol\u00edtica de Privacitat i Av\u00eds Legal - Digital Building Design\" \/>\n<meta property=\"og:description\" content=\"LES SEVES DADES ASSEGURANCES Informaci\u00f3 en compliment de la normativa de protecci\u00f3 de dades personals A Europa ia Espanya hi ha normes de protecci\u00f3 de dades pensades per protegir la seva informaci\u00f3 personal de compliment obligat per a la nostra entitat. Per aix\u00f2, \u00e9s molt important per a nosaltres que entengui perfectament qu\u00e8 farem amb [&hellip;]\" \/>\n<meta property=\"og:url\" content=\"https:\/\/digitalbuildingdesign.com\/ca\/politica-de-privacidad-y-aviso-legal\/\" \/>\n<meta property=\"og:site_name\" content=\"Digital Building Design\" \/>\n<meta property=\"article:modified_time\" content=\"2023-03-06T12:42:14+00:00\" \/>\n<meta name=\"twitter:card\" content=\"summary_large_image\" \/>\n<meta name=\"twitter:label1\" content=\"Temps estimat de lectura\" \/>\n\t<meta name=\"twitter:data1\" content=\"7 minuts\" \/>\n<script type=\"application\/ld+json\" class=\"yoast-schema-graph\">{\"@context\":\"https:\/\/schema.org\",\"@graph\":[{\"@type\":\"WebPage\",\"@id\":\"https:\/\/digitalbuildingdesign.com\/ca\/politica-de-privacidad-y-aviso-legal\/\",\"url\":\"https:\/\/digitalbuildingdesign.com\/ca\/politica-de-privacidad-y-aviso-legal\/\",\"name\":\"Pol\u00edtica de Privacitat i Av\u00eds Legal - Digital Building Design\",\"isPartOf\":{\"@id\":\"https:\/\/digitalbuildingdesign.com\/#website\"},\"datePublished\":\"2022-12-22T12:03:15+00:00\",\"dateModified\":\"2023-03-06T12:42:14+00:00\",\"breadcrumb\":{\"@id\":\"https:\/\/digitalbuildingdesign.com\/ca\/politica-de-privacidad-y-aviso-legal\/#breadcrumb\"},\"inLanguage\":\"ca\",\"potentialAction\":[{\"@type\":\"ReadAction\",\"target\":[\"https:\/\/digitalbuildingdesign.com\/ca\/politica-de-privacidad-y-aviso-legal\/\"]}]},{\"@type\":\"BreadcrumbList\",\"@id\":\"https:\/\/digitalbuildingdesign.com\/ca\/politica-de-privacidad-y-aviso-legal\/#breadcrumb\",\"itemListElement\":[{\"@type\":\"ListItem\",\"position\":1,\"name\":\"Portada\",\"item\":\"https:\/\/digitalbuildingdesign.com\/\"},{\"@type\":\"ListItem\",\"position\":2,\"name\":\"Pol\u00edtica de Privacitat i Av\u00eds Legal\"}]},{\"@type\":\"WebSite\",\"@id\":\"https:\/\/digitalbuildingdesign.com\/#website\",\"url\":\"https:\/\/digitalbuildingdesign.com\/\",\"name\":\"Digital Building Design\",\"description\":\"Otro sitio realizado con WordPress\",\"potentialAction\":[{\"@type\":\"SearchAction\",\"target\":{\"@type\":\"EntryPoint\",\"urlTemplate\":\"https:\/\/digitalbuildingdesign.com\/?s={search_term_string}\"},\"query-input\":{\"@type\":\"PropertyValueSpecification\",\"valueRequired\":true,\"valueName\":\"search_term_string\"}}],\"inLanguage\":\"ca\"}]}<\/script>\n<!-- \/ Yoast SEO plugin. -->","yoast_head_json":{"title":"Pol\u00edtica de Privacitat i Av\u00eds Legal - Digital Building Design","robots":{"index":"index","follow":"follow","max-snippet":"max-snippet:-1","max-image-preview":"max-image-preview:large","max-video-preview":"max-video-preview:-1"},"canonical":"https:\/\/digitalbuildingdesign.com\/ca\/politica-de-privacidad-y-aviso-legal\/","og_locale":"ca_ES","og_type":"article","og_title":"Pol\u00edtica de Privacitat i Av\u00eds Legal - Digital Building Design","og_description":"LES SEVES DADES ASSEGURANCES Informaci\u00f3 en compliment de la normativa de protecci\u00f3 de dades personals A Europa ia Espanya hi ha normes de protecci\u00f3 de dades pensades per protegir la seva informaci\u00f3 personal de compliment obligat per a la nostra entitat. Per aix\u00f2, \u00e9s molt important per a nosaltres que entengui perfectament qu\u00e8 farem amb [&hellip;]","og_url":"https:\/\/digitalbuildingdesign.com\/ca\/politica-de-privacidad-y-aviso-legal\/","og_site_name":"Digital Building Design","article_modified_time":"2023-03-06T12:42:14+00:00","twitter_card":"summary_large_image","twitter_misc":{"Temps estimat de lectura":"7 minuts"},"schema":{"@context":"https:\/\/schema.org","@graph":[{"@type":"WebPage","@id":"https:\/\/digitalbuildingdesign.com\/ca\/politica-de-privacidad-y-aviso-legal\/","url":"https:\/\/digitalbuildingdesign.com\/ca\/politica-de-privacidad-y-aviso-legal\/","name":"Pol\u00edtica de Privacitat i Av\u00eds Legal - Digital Building Design","isPartOf":{"@id":"https:\/\/digitalbuildingdesign.com\/#website"},"datePublished":"2022-12-22T12:03:15+00:00","dateModified":"2023-03-06T12:42:14+00:00","breadcrumb":{"@id":"https:\/\/digitalbuildingdesign.com\/ca\/politica-de-privacidad-y-aviso-legal\/#breadcrumb"},"inLanguage":"ca","potentialAction":[{"@type":"ReadAction","target":["https:\/\/digitalbuildingdesign.com\/ca\/politica-de-privacidad-y-aviso-legal\/"]}]},{"@type":"BreadcrumbList","@id":"https:\/\/digitalbuildingdesign.com\/ca\/politica-de-privacidad-y-aviso-legal\/#breadcrumb","itemListElement":[{"@type":"ListItem","position":1,"name":"Portada","item":"https:\/\/digitalbuildingdesign.com\/"},{"@type":"ListItem","position":2,"name":"Pol\u00edtica de Privacitat i Av\u00eds Legal"}]},{"@type":"WebSite","@id":"https:\/\/digitalbuildingdesign.com\/#website","url":"https:\/\/digitalbuildingdesign.com\/","name":"Digital Building Design","description":"Otro sitio realizado con WordPress","potentialAction":[{"@type":"SearchAction","target":{"@type":"EntryPoint","urlTemplate":"https:\/\/digitalbuildingdesign.com\/?s={search_term_string}"},"query-input":{"@type":"PropertyValueSpecification","valueRequired":true,"valueName":"search_term_string"}}],"inLanguage":"ca"}]}},"_links":{"self":[{"href":"https:\/\/digitalbuildingdesign.com\/ca\/wp-json\/wp\/v2\/pages\/2352","targetHints":{"allow":["GET"]}}],"collection":[{"href":"https:\/\/digitalbuildingdesign.com\/ca\/wp-json\/wp\/v2\/pages"}],"about":[{"href":"https:\/\/digitalbuildingdesign.com\/ca\/wp-json\/wp\/v2\/types\/page"}],"author":[{"embeddable":true,"href":"https:\/\/digitalbuildingdesign.com\/ca\/wp-json\/wp\/v2\/users\/1"}],"replies":[{"embeddable":true,"href":"https:\/\/digitalbuildingdesign.com\/ca\/wp-json\/wp\/v2\/comments?post=2352"}],"version-history":[{"count":8,"href":"https:\/\/digitalbuildingdesign.com\/ca\/wp-json\/wp\/v2\/pages\/2352\/revisions"}],"predecessor-version":[{"id":2362,"href":"https:\/\/digitalbuildingdesign.com\/ca\/wp-json\/wp\/v2\/pages\/2352\/revisions\/2362"}],"wp:attachment":[{"href":"https:\/\/digitalbuildingdesign.com\/ca\/wp-json\/wp\/v2\/media?parent=2352"}],"curies":[{"name":"wp","href":"https:\/\/api.w.org\/{rel}","templated":true}]}}